{"id":2,"date":"2023-11-03T20:04:52","date_gmt":"2023-11-03T20:04:52","guid":{"rendered":"https:\/\/sfceurl.com\/?page_id=2"},"modified":"2024-10-04T10:07:36","modified_gmt":"2024-10-04T10:07:36","slug":"sample-page","status":"publish","type":"page","link":"https:\/\/sfceurl.com\/en\/","title":{"rendered":"Accueil"},"content":{"rendered":"<p>[et_pb_section fb_built=\u00a0\u00bb1&Prime; custom_padding_last_edited=\u00a0\u00bbon|desktop\u00a0\u00bb _builder_version=\u00a0\u00bb4.23.1&Prime; _module_preset=\u00a0\u00bbdefault\u00a0\u00bb custom_padding=\u00a0\u00bb2.75rem||2rem||false|false\u00a0\u00bb custom_padding_tablet=\u00a0\u00bb2rem||||false|false\u00a0\u00bb custom_padding_phone=\u00a0\u00bb2rem||||false|false\u00a0\u00bb global_colors_info=\u00a0\u00bb{}\u00a0\u00bb][et_pb_row column_structure=\u00a0\u00bb3_5,2_5&Prime; use_custom_gutter=\u00a0\u00bbon\u00a0\u00bb gutter_width=\u00a0\u00bb2&Prime; admin_label=\u00a0\u00bbbanner\u00a0\u00bb module_class=\u00a0\u00bbbanner-diapo\u00a0\u00bb _builder_version=\u00a0\u00bb4.23.4&Prime; _module_preset=\u00a0\u00bbdefault\u00a0\u00bb custom_margin=\u00a0\u00bb||||false|false\u00a0\u00bb global_colors_info=\u00a0\u00bb{}\u00a0\u00bb][et_pb_column type=\u00a0\u00bb3_5&Prime; _builder_version=\u00a0\u00bb4.23.1&Prime; _module_preset=\u00a0\u00bbdefault\u00a0\u00bb border_radii=\u00a0\u00bbon|15px|15px|15px|15px\u00a0\u00bb global_colors_info=\u00a0\u00bb{}\u00a0\u00bb][et_pb_slider show_pagination=\u00a0\u00bboff\u00a0\u00bb module_class=\u00a0\u00bbradius-15&Prime; _builder_version=\u00a0\u00bb4.23.4&Prime; _module_preset=\u00a0\u00bbdefault\u00a0\u00bb custom_margin=\u00a0\u00bb0px||0px||true|false\u00a0\u00bb custom_margin_tablet=\u00a0\u00bb0px||2rem||false|false\u00a0\u00bb custom_margin_phone=\u00a0\u00bb0px||2rem||false|false\u00a0\u00bb custom_margin_last_edited=\u00a0\u00bbon|phone\u00a0\u00bb custom_padding=\u00a0\u00bb0px|0px|0px|0px|true|true\u00a0\u00bb auto=\u00a0\u00bbon\u00a0\u00bb auto_speed=\u00a0\u00bb3000&Prime; border_radii=\u00a0\u00bbon|15px|15px|15px|15px\u00a0\u00bb border_width_all=\u00a0\u00bb1px\u00a0\u00bb border_color_all=\u00a0\u00bb#EFEFEF\u00a0\u00bb global_colors_info=\u00a0\u00bb{}\u00a0\u00bb][et_pb_slide admin_title=\u00a0\u00bbslide1&Prime; _builder_version=\u00a0\u00bb4.23.4&Prime; _module_preset=\u00a0\u00bbdefault\u00a0\u00bb background_color=\u00a0\u00bb#EFEFEF\u00a0\u00bb background_enable_color=\u00a0\u00bbon\u00a0\u00bb background_image=\u00a0\u00bbhttps:\/\/sfceurl.com\/wp-content\/uploads\/2024\/01\/pringles-1.png\u00a0\u00bb background_enable_image=\u00a0\u00bbon\u00a0\u00bb custom_padding=\u00a0\u00bb10rem|0px|10rem|0px|true|true\u00a0\u00bb link_option_url=\u00a0\u00bb\/categorie-produit\/snacks\/\u00a0\u00bb global_colors_info=\u00a0\u00bb{}\u00a0\u00bb sticky_transition=\u00a0\u00bbon\u00a0\u00bb][\/et_pb_slide][et_pb_slide admin_title=\u00a0\u00bbslide2&Prime; _builder_version=\u00a0\u00bb4.23.4&Prime; _module_preset=\u00a0\u00bbdefault\u00a0\u00bb background_color=\u00a0\u00bb#EFEFEF\u00a0\u00bb background_enable_color=\u00a0\u00bbon\u00a0\u00bb background_image=\u00a0\u00bbhttps:\/\/sfceurl.com\/wp-content\/uploads\/2023\/11\/31.png\u00a0\u00bb background_enable_image=\u00a0\u00bbon\u00a0\u00bb custom_padding=\u00a0\u00bb10rem|0px|10rem|0px|true|true\u00a0\u00bb link_option_url=\u00a0\u00bb\/categorie-produit\/confiserie\/\u00a0\u00bb global_colors_info=\u00a0\u00bb{}\u00a0\u00bb sticky_transition=\u00a0\u00bbon\u00a0\u00bb][\/et_pb_slide][et_pb_slide admin_title=\u00a0\u00bbslide3&Prime; _builder_version=\u00a0\u00bb4.23.4&Prime; _module_preset=\u00a0\u00bbdefault\u00a0\u00bb background_color=\u00a0\u00bb#EFEFEF\u00a0\u00bb background_enable_color=\u00a0\u00bbon\u00a0\u00bb background_image=\u00a0\u00bbhttps:\/\/sfceurl.com\/wp-content\/uploads\/2023\/11\/khaled-lakmes-nescafe.jpg\u00a0\u00bb background_enable_image=\u00a0\u00bbon\u00a0\u00bb custom_padding=\u00a0\u00bb10rem|0px|10rem|0px|true|true\u00a0\u00bb link_option_url=\u00a0\u00bb\/categorie-produit\/cafe\/\u00a0\u00bb global_colors_info=\u00a0\u00bb{}\u00a0\u00bb sticky_transition=\u00a0\u00bbon\u00a0\u00bb][\/et_pb_slide][\/et_pb_slider][\/et_pb_column][et_pb_column type=\u00a0\u00bb2_5&Prime; disabled_on=\u00a0\u00bboff|off|off\u00a0\u00bb _builder_version=\u00a0\u00bb4.23.4&Prime; _module_preset=\u00a0\u00bbdefault\u00a0\u00bb global_colors_info=\u00a0\u00bb{}\u00a0\u00bb][et_pb_image src=\u00a0\u00bbhttps:\/\/sfceurl.com\/wp-content\/uploads\/2024\/01\/finish-3.png\u00a0\u00bb url=\u00a0\u00bb\/shop\/finish-powerball-aio-68d-regular\/\u00a0\u00bb module_class=\u00a0\u00bbimg-cover scale-img circle-full-open radius-15 \u00a0\u00bb _builder_version=\u00a0\u00bb4.23.4&Prime; _module_preset=\u00a0\u00bbdefault\u00a0\u00bb background_color=\u00a0\u00bb#EFEFEF\u00a0\u00bb custom_margin=\u00a0\u00bb||2rem||false|false\u00a0\u00bb border_radii=\u00a0\u00bbon|15px|15px|15px|15px\u00a0\u00bb border_width_all=\u00a0\u00bb1px\u00a0\u00bb border_color_all=\u00a0\u00bb#EFEFEF\u00a0\u00bb global_colors_info=\u00a0\u00bb{}\u00a0\u00bb][\/et_pb_image][et_pb_image src=\u00a0\u00bbhttps:\/\/sfceurl.com\/wp-content\/uploads\/2023\/11\/12.png\u00a0\u00bb url=\u00a0\u00bb\/categorie-produit\/cereales\/\u00a0\u00bb module_class=\u00a0\u00bbimg-cover scale-img circle-full-open radius-15 \u00a0\u00bb _builder_version=\u00a0\u00bb4.23.4&Prime; _module_preset=\u00a0\u00bbdefault\u00a0\u00bb background_color=\u00a0\u00bb#EFEFEF\u00a0\u00bb custom_margin=\u00a0\u00bb||||false|false\u00a0\u00bb border_radii=\u00a0\u00bbon|15px|15px|15px|15px\u00a0\u00bb border_width_all=\u00a0\u00bb1px\u00a0\u00bb border_color_all=\u00a0\u00bb#EFEFEF\u00a0\u00bb global_colors_info=\u00a0\u00bb{}\u00a0\u00bb][\/et_pb_image][\/et_pb_column][\/et_pb_row][\/et_pb_section][et_pb_section fb_built=\u00a0\u00bb1&Prime; _builder_version=\u00a0\u00bb4.23.1&Prime; _module_preset=\u00a0\u00bbdefault\u00a0\u00bb custom_padding=\u00a0\u00bb0rem||0rem||false|false\u00a0\u00bb global_colors_info=\u00a0\u00bb{}\u00a0\u00bb][et_pb_row column_structure=\u00a0\u00bb1_2,1_2&Prime; use_custom_gutter=\u00a0\u00bbon\u00a0\u00bb gutter_width=\u00a0\u00bb3&Prime; make_equal=\u00a0\u00bbon\u00a0\u00bb disabled_on=\u00a0\u00bboff|off|off\u00a0\u00bb _builder_version=\u00a0\u00bb4.23.1&Prime; _module_preset=\u00a0\u00bbdefault\u00a0\u00bb global_colors_info=\u00a0\u00bb{}\u00a0\u00bb][et_pb_column type=\u00a0\u00bb1_2&Prime; _builder_version=\u00a0\u00bb4.23.1&Prime; _module_preset=\u00a0\u00bbdefault\u00a0\u00bb custom_padding=\u00a0\u00bb||||false|false\u00a0\u00bb custom_padding_tablet=\u00a0\u00bb0rem||3rem||false|false\u00a0\u00bb custom_padding_phone=\u00a0\u00bb0rem||3rem||false|false\u00a0\u00bb custom_padding_last_edited=\u00a0\u00bbon|desktop\u00a0\u00bb global_colors_info=\u00a0\u00bb{}\u00a0\u00bb][et_pb_text _builder_version=\u00a0\u00bb4.23.1&Prime; _module_preset=\u00a0\u00bbdefault\u00a0\u00bb custom_margin=\u00a0\u00bb||1.5rem||false|false\u00a0\u00bb global_colors_info=\u00a0\u00bb{}\u00a0\u00bb]<\/p>\n<h2>Welcome to SFC EURL<\/h2>\n<p>[\/et_pb_text][et_pb_text _builder_version=\u00a0\u00bb4.23.1&Prime; _module_preset=\u00a0\u00bbdefault\u00a0\u00bb custom_margin=\u00a0\u00bb||2rem||false|false\u00a0\u00bb global_colors_info=\u00a0\u00bb{}\u00a0\u00bb]<\/p>\n<p>We are a French company founded on April 15, 2019 by ZAKARIA BEN AZAIEZ, specialized in the export and distribution of consumer products from France and Europe such as Nestle, Danone, Mondelez, Mars, Kelloggs, Ferrero, Reckitt -Benckiser, Colgate-Palmolive, Procter&amp;Gamble, and many others.<\/p>\n<p><span>Our reputation is firmly based on the quality of our services, underpinned by our constant commitment to excellence.\u00a0<\/span><\/p>\n<p>[\/et_pb_text][et_pb_code admin_label=\u00a0\u00bbslider\u00a0\u00bb _builder_version=\u00a0\u00bb4.23.1&Prime; _module_preset=\u00a0\u00bbdefault\u00a0\u00bb global_colors_info=\u00a0\u00bb{}\u00a0\u00bb]<ul class=\"list-cat-product\"><li><a href=\"https:\/\/sfceurl.com\/en\/product-category\/biscuit\/\">COOKIES<\/a><\/li><li><a href=\"https:\/\/sfceurl.com\/en\/product-category\/boisson-non-alcoolisee\/\">SOFT DRINK<\/a><\/li><li><a href=\"https:\/\/sfceurl.com\/en\/product-category\/cafe\/\">COFFEE<\/a><\/li><li><a href=\"https:\/\/sfceurl.com\/en\/product-category\/cereales\/\">CEREALS<\/a><\/li><li><a href=\"https:\/\/sfceurl.com\/en\/product-category\/confiserie\/\">CONFECTIONERY<\/a><\/li><li><a href=\"https:\/\/sfceurl.com\/en\/product-category\/eau-minerale\/\">MINERAL WATER<\/a><\/li><li><a href=\"https:\/\/sfceurl.com\/en\/product-category\/eau-petillante\/\">SPARKLING WATER<\/a><\/li><li><a href=\"https:\/\/sfceurl.com\/en\/product-category\/lave-vaisselle\/\">LAVE VAISSELLE<\/a><\/li><li><a href=\"https:\/\/sfceurl.com\/en\/product-category\/snacks\/\">SNACKS<\/a><\/li><\/ul><!-- [et_pb_line_break_holder] --> <!-- [et_pb_line_break_holder] -->[\/et_pb_code][\/et_pb_column][et_pb_column type=\u00a0\u00bb1_2&Prime; _builder_version=\u00a0\u00bb4.23.1&Prime; _module_preset=\u00a0\u00bbdefault\u00a0\u00bb global_colors_info=\u00a0\u00bb{}\u00a0\u00bb][et_pb_video src=\u00a0\u00bbhttps:\/\/sfceurl.com\/wp-content\/uploads\/2024\/10\/SFC-EURL-V2.mov\u00a0\u00bb font_icon=\u00a0\u00bb&#x3d;||divi||400&Prime; _builder_version=\u00a0\u00bb4.23.4&Prime; _module_preset=\u00a0\u00bbdefault\u00a0\u00bb hover_enabled=\u00a0\u00bb0&Prime; global_colors_info=\u00a0\u00bb{}\u00a0\u00bb thumbnail_overlay_color=\u00a0\u00bbrgba(10,10,10,0.47)\u00a0\u00bb title_text=\u00a0\u00bbSFC EURL V2&Prime; play_icon_color=\u00a0\u00bb#F9F9F9&Prime; sticky_enabled=\u00a0\u00bb0&Prime;][\/et_pb_video][\/et_pb_column][\/et_pb_row][\/et_pb_section][et_pb_section fb_built=\u00a0\u00bb1&Prime; _builder_version=\u00a0\u00bb4.23.1&Prime; _module_preset=\u00a0\u00bbdefault\u00a0\u00bb global_colors_info=\u00a0\u00bb{}\u00a0\u00bb][et_pb_row column_structure=\u00a0\u00bb1_3,1_3,1_3&Prime; use_custom_gutter=\u00a0\u00bbon\u00a0\u00bb gutter_width=\u00a0\u00bb2&Prime; module_class=\u00a0\u00bbshadow\u00a0\u00bb _builder_version=\u00a0\u00bb4.23.1&Prime; _module_preset=\u00a0\u00bbdefault\u00a0\u00bb custom_margin=\u00a0\u00bb||3rem||false|false\u00a0\u00bb custom_padding=\u00a0\u00bb2.5rem|2rem|0px|2rem|false|true\u00a0\u00bb border_radii=\u00a0\u00bbon|15px|15px|15px|15px\u00a0\u00bb border_width_all=\u00a0\u00bb1px\u00a0\u00bb border_color_all=\u00a0\u00bb#D9D9D9&Prime; border_color_top=\u00a0\u00bb#D9D9D9&Prime; border_color_bottom=\u00a0\u00bb#D9D9D9&Prime; global_colors_info=\u00a0\u00bb{}\u00a0\u00bb][et_pb_column type=\u00a0\u00bb1_3&Prime; _builder_version=\u00a0\u00bb4.23.1&Prime; _module_preset=\u00a0\u00bbdefault\u00a0\u00bb global_colors_info=\u00a0\u00bb{}\u00a0\u00bb][et_pb_blurb image=\u00a0\u00bbhttps:\/\/sfceurl.com\/wp-content\/uploads\/2023\/12\/leader.gif\u00a0\u00bb image_icon_width=\u00a0\u00bb70px\u00a0\u00bb content_max_width=\u00a0\u00bb100%\u00a0\u00bb _builder_version=\u00a0\u00bb4.23.1&Prime; _module_preset=\u00a0\u00bbdefault\u00a0\u00bb text_orientation=\u00a0\u00bbcenter\u00a0\u00bb custom_padding=\u00a0\u00bb||||false|false\u00a0\u00bb custom_padding_tablet=\u00a0\u00bb||2rem||false|false\u00a0\u00bb custom_padding_phone=\u00a0\u00bb||2rem||false|false\u00a0\u00bb custom_padding_last_edited=\u00a0\u00bbon|tablet\u00a0\u00bb global_colors_info=\u00a0\u00bb{}\u00a0\u00bb]<\/p>\n<h3>Industry leader<\/h3>\n<p>Confectionery, chocolate, biscuits, drinks, detergents\u2026<\/p>\n<p>[\/et_pb_blurb][et_pb_button button_url=\u00a0\u00bb@ET-DC@eyJkeW5hbWljIjp0cnVlLCJjb250ZW50IjoicG9zdF9saW5rX3VybF9wYWdlIiwic2V0dGluZ3MiOnsicG9zdF9pZCI6IjE1ODkifX0=@\u00a0\u00bb button_text=\u00a0\u00bbA propos de nous\u00a0\u00bb button_alignment=\u00a0\u00bbcenter\u00a0\u00bb _builder_version=\u00a0\u00bb4.23.1&Prime; _dynamic_attributes=\u00a0\u00bbbutton_url\u00a0\u00bb _module_preset=\u00a0\u00bbdefault\u00a0\u00bb custom_margin=\u00a0\u00bb||3rem||false|false\u00a0\u00bb locked=\u00a0\u00bboff\u00a0\u00bb][\/et_pb_button][\/et_pb_column][et_pb_column type=\u00a0\u00bb1_3&Prime; _builder_version=\u00a0\u00bb4.23.1&Prime; _module_preset=\u00a0\u00bbdefault\u00a0\u00bb global_colors_info=\u00a0\u00bb{}\u00a0\u00bb][et_pb_blurb image=\u00a0\u00bbhttps:\/\/sfceurl.com\/wp-content\/uploads\/2023\/12\/panier.gif\u00a0\u00bb image_icon_width=\u00a0\u00bb70px\u00a0\u00bb content_max_width=\u00a0\u00bb100%\u00a0\u00bb _builder_version=\u00a0\u00bb4.23.1&Prime; _module_preset=\u00a0\u00bbdefault\u00a0\u00bb text_orientation=\u00a0\u00bbcenter\u00a0\u00bb custom_padding_tablet=\u00a0\u00bb||2rem||false|false\u00a0\u00bb custom_padding_phone=\u00a0\u00bb||2rem||false|false\u00a0\u00bb custom_padding_last_edited=\u00a0\u00bbon|tablet\u00a0\u00bb global_colors_info=\u00a0\u00bb{}\u00a0\u00bb]<\/p>\n<h3>+ 2000 articles<\/h3>\n<p>Confectionery, chocolate, biscuits, drinks, detergents\u2026<\/p>\n<p>[\/et_pb_blurb][et_pb_button button_url=\u00a0\u00bb@ET-DC@eyJkeW5hbWljIjp0cnVlLCJjb250ZW50IjoicG9zdF9saW5rX3VybF9wYWdlIiwic2V0dGluZ3MiOnsicG9zdF9pZCI6IjI1NzQifX0=@\u00a0\u00bb button_text=\u00a0\u00bbVoir la boutique\u00a0\u00bb button_alignment=\u00a0\u00bbcenter\u00a0\u00bb _builder_version=\u00a0\u00bb4.23.4&Prime; _dynamic_attributes=\u00a0\u00bbbutton_url\u00a0\u00bb _module_preset=\u00a0\u00bbdefault\u00a0\u00bb custom_margin=\u00a0\u00bb||3rem||false|false\u00a0\u00bb locked=\u00a0\u00bboff\u00a0\u00bb][\/et_pb_button][\/et_pb_column][et_pb_column type=\u00a0\u00bb1_3&Prime; _builder_version=\u00a0\u00bb4.23.1&Prime; _module_preset=\u00a0\u00bbdefault\u00a0\u00bb global_colors_info=\u00a0\u00bb{}\u00a0\u00bb][et_pb_blurb image=\u00a0\u00bbhttps:\/\/sfceurl.com\/wp-content\/uploads\/2023\/12\/soutien.gif\u00a0\u00bb image_icon_width=\u00a0\u00bb70px\u00a0\u00bb content_max_width=\u00a0\u00bb100%\u00a0\u00bb _builder_version=\u00a0\u00bb4.23.1&Prime; _module_preset=\u00a0\u00bbdefault\u00a0\u00bb text_orientation=\u00a0\u00bbcenter\u00a0\u00bb custom_margin=\u00a0\u00bb||||false|false\u00a0\u00bb custom_padding_tablet=\u00a0\u00bb||||false|false\u00a0\u00bb custom_padding_last_edited=\u00a0\u00bboff|desktop\u00a0\u00bb global_colors_info=\u00a0\u00bb{}\u00a0\u00bb]<\/p>\n<h3>Customer service<\/h3>\n<p>By telephone at +33 (0) 6 34 18 00 34 or by email <span style=\"text-decoration: underline;\"><a href=\"mailto:contact@sfceurl.fr?subject=demande d'information&amp;body=service client \">Clicl here<\/a><\/span><\/p>\n<p>[\/et_pb_blurb][et_pb_button button_url=\u00a0\u00bb@ET-DC@eyJkeW5hbWljIjp0cnVlLCJjb250ZW50IjoicG9zdF9saW5rX3VybF9wYWdlIiwic2V0dGluZ3MiOnsicG9zdF9pZCI6Ijg3NiJ9fQ==@\u00a0\u00bb button_text=\u00a0\u00bbContactez-nous\u00a0\u00bb button_alignment=\u00a0\u00bbcenter\u00a0\u00bb _builder_version=\u00a0\u00bb4.23.1&Prime; _dynamic_attributes=\u00a0\u00bbbutton_url\u00a0\u00bb _module_preset=\u00a0\u00bbdefault\u00a0\u00bb custom_margin=\u00a0\u00bb||3rem||false|false\u00a0\u00bb locked=\u00a0\u00bboff\u00a0\u00bb][\/et_pb_button][\/et_pb_column][\/et_pb_row][et_pb_row admin_label=\u00a0\u00bbpartenaire\u00a0\u00bb _builder_version=\u00a0\u00bb4.23.1&Prime; _module_preset=\u00a0\u00bbdefault\u00a0\u00bb global_colors_info=\u00a0\u00bb{}\u00a0\u00bb][et_pb_column type=\u00a0\u00bb4_4&Prime; _builder_version=\u00a0\u00bb4.23.1&Prime; _module_preset=\u00a0\u00bbdefault\u00a0\u00bb global_colors_info=\u00a0\u00bb{}\u00a0\u00bb][et_pb_text _builder_version=\u00a0\u00bb4.23.1&Prime; _module_preset=\u00a0\u00bbdefault\u00a0\u00bb header_2_text_align=\u00a0\u00bbcenter\u00a0\u00bb custom_margin=\u00a0\u00bb||2rem||false|false\u00a0\u00bb global_colors_info=\u00a0\u00bb{}\u00a0\u00bb]<\/p>\n<h2>Our partners<\/h2>\n<p>[\/et_pb_text][\/et_pb_column][\/et_pb_row][et_pb_row admin_label=\u00a0\u00bblist logo partners\u00a0\u00bb module_class=\u00a0\u00bbswiper slider-list-logo\u00a0\u00bb _builder_version=\u00a0\u00bb4.23.1&Prime; _module_preset=\u00a0\u00bbdefault\u00a0\u00bb global_colors_info=\u00a0\u00bb{}\u00a0\u00bb][et_pb_column type=\u00a0\u00bb4_4&Prime; module_class=\u00a0\u00bbswiper-wrapper\u00a0\u00bb _builder_version=\u00a0\u00bb4.23.1&Prime; _module_preset=\u00a0\u00bbdefault\u00a0\u00bb global_colors_info=\u00a0\u00bb{}\u00a0\u00bb][et_pb_image src=\u00a0\u00bbhttps:\/\/sfceurl.com\/wp-content\/uploads\/2023\/12\/casino.png\u00a0\u00bb title_text=\u00a0\u00bbcasino\u00a0\u00bb module_class=\u00a0\u00bbswiper-slide\u00a0\u00bb _builder_version=\u00a0\u00bb4.23.1&Prime; _module_preset=\u00a0\u00bbdefault\u00a0\u00bb global_colors_info=\u00a0\u00bb{}\u00a0\u00bb][\/et_pb_image][et_pb_image src=\u00a0\u00bbhttps:\/\/sfceurl.com\/wp-content\/uploads\/2023\/12\/cora.png\u00a0\u00bb title_text=\u00a0\u00bbcora\u00a0\u00bb module_class=\u00a0\u00bbswiper-slide\u00a0\u00bb _builder_version=\u00a0\u00bb4.23.1&Prime; _module_preset=\u00a0\u00bbdefault\u00a0\u00bb global_colors_info=\u00a0\u00bb{}\u00a0\u00bb][\/et_pb_image][et_pb_image src=\u00a0\u00bbhttps:\/\/sfceurl.com\/wp-content\/uploads\/2023\/12\/carrefour.png\u00a0\u00bb title_text=\u00a0\u00bbcarrefour\u00a0\u00bb module_class=\u00a0\u00bbswiper-slide\u00a0\u00bb _builder_version=\u00a0\u00bb4.23.1&Prime; _module_preset=\u00a0\u00bbdefault\u00a0\u00bb global_colors_info=\u00a0\u00bb{}\u00a0\u00bb][\/et_pb_image][et_pb_image src=\u00a0\u00bbhttps:\/\/sfceurl.com\/wp-content\/uploads\/2023\/12\/leclerc.png\u00a0\u00bb title_text=\u00a0\u00bbleclerc\u00a0\u00bb module_class=\u00a0\u00bbswiper-slide\u00a0\u00bb _builder_version=\u00a0\u00bb4.23.1&Prime; _module_preset=\u00a0\u00bbdefault\u00a0\u00bb global_colors_info=\u00a0\u00bb{}\u00a0\u00bb][\/et_pb_image][et_pb_image src=\u00a0\u00bbhttps:\/\/sfceurl.com\/wp-content\/uploads\/2023\/12\/intermarche.png\u00a0\u00bb title_text=\u00a0\u00bbintermarch\u00e9\u00a0\u00bb module_class=\u00a0\u00bbswiper-slide\u00a0\u00bb _builder_version=\u00a0\u00bb4.23.1&Prime; _module_preset=\u00a0\u00bbdefault\u00a0\u00bb global_colors_info=\u00a0\u00bb{}\u00a0\u00bb][\/et_pb_image][et_pb_image src=\u00a0\u00bbhttps:\/\/sfceurl.com\/wp-content\/uploads\/2023\/12\/supermarche.png\u00a0\u00bb title_text=\u00a0\u00bbsupermarche\u00a0\u00bb module_class=\u00a0\u00bbswiper-slide\u00a0\u00bb _builder_version=\u00a0\u00bb4.23.1&Prime; _module_preset=\u00a0\u00bbdefault\u00a0\u00bb global_colors_info=\u00a0\u00bb{}\u00a0\u00bb][\/et_pb_image][\/et_pb_column][\/et_pb_row][\/et_pb_section]<\/p>","protected":false},"excerpt":{"rendered":"<p>Bienvenue chez SFC&nbsp;EURLNous sommes une entreprise fran\u00e7aise fond\u00e9e le 15 avril 2019 par ZAKARIA BEN AZAIEZ, sp\u00e9cialis\u00e9e dans l\u2019exportation et la distribution de produits de grande consommation en provenance de France et d&rsquo;Europe comme Nestle, Danone, Mondelez, Mars, Kelloggs, Ferrero, Reckitt-Benckiser, Colgate-Palmolive, Procter&amp;Gamble, et bien d\u2019autres encore. Notre r\u00e9putation repose solidement sur la qualit\u00e9 de [&hellip;]<\/p>","protected":false},"author":1,"featured_media":0,"parent":0,"menu_order":0,"comment_status":"closed","ping_status":"open","template":"","meta":{"_et_pb_use_builder":"on","_et_pb_old_content":"<!-- wp:paragraph -->\n<p>This is an example page. It's different from a blog post because it will stay in one place and will show up in your site navigation (in most themes). Most people start with an About page that introduces them to potential site visitors. It might say something like this:<\/p>\n<!-- \/wp:paragraph -->\n\n<!-- wp:quote -->\n<blockquote class=\"wp-block-quote\"><!-- wp:paragraph -->\n<p>Hi there! I'm a bike messenger by day, aspiring actor by night, and this is my website. I live in Los Angeles, have a great dog named Jack, and I like pi\u00f1a coladas. (And gettin' caught in the rain.)<\/p>\n<!-- \/wp:paragraph --><\/blockquote>\n<!-- \/wp:quote -->\n\n<!-- wp:paragraph -->\n<p>...or something like this:<\/p>\n<!-- \/wp:paragraph -->\n\n<!-- wp:quote -->\n<blockquote class=\"wp-block-quote\"><!-- wp:paragraph -->\n<p>The XYZ Doohickey Company was founded in 1971, and has been providing quality doohickeys to the public ever since. Located in Gotham City, XYZ employs over 2,000 people and does all kinds of awesome things for the Gotham community.<\/p>\n<!-- \/wp:paragraph --><\/blockquote>\n<!-- \/wp:quote -->\n\n<!-- wp:paragraph -->\n<p>As a new WordPress user, you should go to <a href=\"https:\/\/sfceurl.com\/wp-admin\/\">your dashboard<\/a> to delete this page and create new pages for your content. Have fun!<\/p>\n<!-- \/wp:paragraph -->","_et_gb_content_width":"","footnotes":""},"acf":[],"_links":{"self":[{"href":"https:\/\/sfceurl.com\/en\/wp-json\/wp\/v2\/pages\/2"}],"collection":[{"href":"https:\/\/sfceurl.com\/en\/wp-json\/wp\/v2\/pages"}],"about":[{"href":"https:\/\/sfceurl.com\/en\/wp-json\/wp\/v2\/types\/page"}],"author":[{"embeddable":true,"href":"https:\/\/sfceurl.com\/en\/wp-json\/wp\/v2\/users\/1"}],"replies":[{"embeddable":true,"href":"https:\/\/sfceurl.com\/en\/wp-json\/wp\/v2\/comments?post=2"}],"version-history":[{"count":10,"href":"https:\/\/sfceurl.com\/en\/wp-json\/wp\/v2\/pages\/2\/revisions"}],"predecessor-version":[{"id":2950,"href":"https:\/\/sfceurl.com\/en\/wp-json\/wp\/v2\/pages\/2\/revisions\/2950"}],"wp:attachment":[{"href":"https:\/\/sfceurl.com\/en\/wp-json\/wp\/v2\/media?parent=2"}],"curies":[{"name":"wp","href":"https:\/\/api.w.org\/{rel}","templated":true}]}}